{"id":361,"date":"2018-04-02T23:53:01","date_gmt":"2018-04-02T23:53:01","guid":{"rendered":"http:\/\/demo.zantetheme.com\/?page_id=361"},"modified":"2018-04-02T23:53:01","modified_gmt":"2018-04-02T23:53:01","slug":"places","status":"publish","type":"page","link":"https:\/\/riverside.com.tr\/ar\/places\/","title":{"rendered":"Places"},"content":{"rendered":"<div class=\"wpb-content-wrapper\"><div class=\"vc_row wpb_row vc_row-fluid\"><div class=\"wpb_column vc_column_container vc_col-sm-12\"><div class=\"vc_column-inner\"><div class=\"wpb_wrapper\">\r\n            <div class=\"row\">\r\n\t                                      <!-- places ITEM -->\r\n                      <div class=\"col-lg-4 col-sm-6\">\r\n                        <div class=\"place-item\">\r\n                        <figure class=\"gradient-overlay zoom-hover\">\r\n                          <a href=\"https:\/\/riverside.com.tr\/ar\/konumlar\/camlihemsin\/\">\r\n                            <img decoding=\"async\" src=\"https:\/\/riverside.com.tr\/wp-content\/uploads\/2018\/04\/mykonos-1-720x470.jpg\" class=\"img-responsive\">\r\n                            <div class=\"place-name\">\r\n                              <h3>\u062c\u0627\u0645\u0644\u064a\u0647\u0645\u0634\u064a\u0646<\/h3>\r\n                            <\/div>\r\n                          <\/a>\r\n                        <\/figure>\r\n                      <\/div>\r\n                    <\/div>\r\n\r\n\t                \t                            <\/div>\r\n\r\n        <\/div><\/div><\/div><\/div>\n<\/div>","protected":false},"excerpt":{"rendered":"Lorem ipsum dolor sit amet, consectetuer adipiscing elit, sed diam nonummy nibh euismod tincidunt ut laoreet dolore magna aliquam erat volutpat. Ut wisi enim ad minim veniam, quis nostrud exerci tation ullamcorper suscipit lobortis nisl ut aliquip ex ea commodo consequat. Duis autem vel eum iriure dolor in hendrerit in vulputate velit esse molestie consequat, [...]","protected":false},"author":1,"featured_media":0,"parent":0,"menu_order":0,"comment_status":"closed","ping_status":"closed","template":"","meta":{"footnotes":""},"class_list":["post-361","page","type-page","status-publish","hentry"],"yoast_head":"<!-- This site is optimized with the Yoast SEO Premium plugin v20.8 (Yoast SEO v25.1) - https:\/\/yoast.com\/wordpress\/plugins\/seo\/ -->\n<title>Places - Vagona Riverside Bungalows<\/title>\n<meta name=\"robots\" content=\"noindex, follow, max-snippet:-1, max-image-preview:large, max-video-preview:-1\" \/>\n<meta property=\"og:locale\" content=\"ar_AR\" \/>\n<meta property=\"og:type\" content=\"article\" \/>\n<meta property=\"og:title\" content=\"Places - Vagona Riverside Bungalows\" \/>\n<meta property=\"og:url\" content=\"https:\/\/riverside.com.tr\/ar\/places\/\" \/>\n<meta property=\"og:site_name\" content=\"Vagona Riverside Bungalows\" \/>\n<meta property=\"article:publisher\" content=\"https:\/\/git.vagonatinyhouse.com\/facebook\" \/>\n<meta name=\"twitter:card\" content=\"summary_large_image\" \/>\n<script type=\"application\/ld+json\" class=\"yoast-schema-graph\">{\"@context\":\"https:\/\/schema.org\",\"@graph\":[{\"@type\":\"WebPage\",\"@id\":\"https:\/\/riverside.com.tr\/tr\/places\/\",\"url\":\"https:\/\/riverside.com.tr\/tr\/places\/\",\"name\":\"Places - Vagona Riverside Bungalows\",\"isPartOf\":{\"@id\":\"https:\/\/riverside.com.tr\/ar\/#website\"},\"datePublished\":\"2018-04-02T23:53:01+00:00\",\"inLanguage\":\"ar\",\"potentialAction\":[{\"@type\":\"ReadAction\",\"target\":[\"https:\/\/riverside.com.tr\/tr\/places\/\"]}]},{\"@type\":\"WebSite\",\"@id\":\"https:\/\/riverside.com.tr\/ar\/#website\",\"url\":\"https:\/\/riverside.com.tr\/ar\/\",\"name\":\"Vagona Riverside Bungalows\",\"description\":\"Karadenizin dillere destan \u00c7aml\u0131hem\u015fin bolgesi giri\u015finde, f\u0131rt\u0131na deresi \u00fczerinde al\u0131\u015fm\u0131\u015f oldu\u011funuz kal\u0131plardan uzakta do\u011fa dahil konseptimiz ile Karadenizin ilk TinyHouse tatil k\u00f6y\u00fc ile size muhte\u015fem bir deneyim ya\u015fatmak i\u00e7in buraday\u0131z.\",\"publisher\":{\"@id\":\"https:\/\/riverside.com.tr\/ar\/#organization\"},\"potentialAction\":[{\"@type\":\"SearchAction\",\"target\":{\"@type\":\"EntryPoint\",\"urlTemplate\":\"https:\/\/riverside.com.tr\/ar\/?s={search_term_string}\"},\"query-input\":{\"@type\":\"PropertyValueSpecification\",\"valueRequired\":true,\"valueName\":\"search_term_string\"}}],\"inLanguage\":\"ar\"},{\"@type\":\"Organization\",\"@id\":\"https:\/\/riverside.com.tr\/ar\/#organization\",\"name\":\"Vagona Riverside Bungalows\",\"url\":\"https:\/\/riverside.com.tr\/ar\/\",\"logo\":{\"@type\":\"ImageObject\",\"inLanguage\":\"ar\",\"@id\":\"https:\/\/riverside.com.tr\/ar\/#\/schema\/logo\/image\/\",\"url\":\"https:\/\/riverside.com.tr\/wp-content\/uploads\/2021\/07\/cropped-android-chrome-512x512-1.png\",\"contentUrl\":\"https:\/\/riverside.com.tr\/wp-content\/uploads\/2021\/07\/cropped-android-chrome-512x512-1.png\",\"width\":512,\"height\":512,\"caption\":\"Vagona Riverside Bungalows\"},\"image\":{\"@id\":\"https:\/\/riverside.com.tr\/ar\/#\/schema\/logo\/image\/\"},\"sameAs\":[\"https:\/\/git.vagonatinyhouse.com\/facebook\",\"https:\/\/git.vagonatinyhouse.com\/instagram\",\"https:\/\/git.vagonatinyhouse.com\/pinterest\",\"https:\/\/git.vagonatinyhouse.com\/youtube\"]}]}<\/script>\n<!-- \/ Yoast SEO Premium plugin. -->","yoast_head_json":{"title":"Places - Vagona Riverside Bungalows","robots":{"index":"noindex","follow":"follow","max-snippet":"max-snippet:-1","max-image-preview":"max-image-preview:large","max-video-preview":"max-video-preview:-1"},"og_locale":"ar_AR","og_type":"article","og_title":"Places - Vagona Riverside Bungalows","og_url":"https:\/\/riverside.com.tr\/ar\/places\/","og_site_name":"Vagona Riverside Bungalows","article_publisher":"https:\/\/git.vagonatinyhouse.com\/facebook","twitter_card":"summary_large_image","schema":{"@context":"https:\/\/schema.org","@graph":[{"@type":"WebPage","@id":"https:\/\/riverside.com.tr\/tr\/places\/","url":"https:\/\/riverside.com.tr\/tr\/places\/","name":"Places - Vagona Riverside Bungalows","isPartOf":{"@id":"https:\/\/riverside.com.tr\/ar\/#website"},"datePublished":"2018-04-02T23:53:01+00:00","inLanguage":"ar","potentialAction":[{"@type":"ReadAction","target":["https:\/\/riverside.com.tr\/tr\/places\/"]}]},{"@type":"WebSite","@id":"https:\/\/riverside.com.tr\/ar\/#website","url":"https:\/\/riverside.com.tr\/ar\/","name":"Vagona Riverside Bungalows","description":"Karadenizin dillere destan \u00c7aml\u0131hem\u015fin bolgesi giri\u015finde, f\u0131rt\u0131na deresi \u00fczerinde al\u0131\u015fm\u0131\u015f oldu\u011funuz kal\u0131plardan uzakta do\u011fa dahil konseptimiz ile Karadenizin ilk TinyHouse tatil k\u00f6y\u00fc ile size muhte\u015fem bir deneyim ya\u015fatmak i\u00e7in buraday\u0131z.","publisher":{"@id":"https:\/\/riverside.com.tr\/ar\/#organization"},"potentialAction":[{"@type":"SearchAction","target":{"@type":"EntryPoint","urlTemplate":"https:\/\/riverside.com.tr\/ar\/?s={search_term_string}"},"query-input":{"@type":"PropertyValueSpecification","valueRequired":true,"valueName":"search_term_string"}}],"inLanguage":"ar"},{"@type":"Organization","@id":"https:\/\/riverside.com.tr\/ar\/#organization","name":"Vagona Riverside Bungalows","url":"https:\/\/riverside.com.tr\/ar\/","logo":{"@type":"ImageObject","inLanguage":"ar","@id":"https:\/\/riverside.com.tr\/ar\/#\/schema\/logo\/image\/","url":"https:\/\/riverside.com.tr\/wp-content\/uploads\/2021\/07\/cropped-android-chrome-512x512-1.png","contentUrl":"https:\/\/riverside.com.tr\/wp-content\/uploads\/2021\/07\/cropped-android-chrome-512x512-1.png","width":512,"height":512,"caption":"Vagona Riverside Bungalows"},"image":{"@id":"https:\/\/riverside.com.tr\/ar\/#\/schema\/logo\/image\/"},"sameAs":["https:\/\/git.vagonatinyhouse.com\/facebook","https:\/\/git.vagonatinyhouse.com\/instagram","https:\/\/git.vagonatinyhouse.com\/pinterest","https:\/\/git.vagonatinyhouse.com\/youtube"]}]}},"_links":{"self":[{"href":"https:\/\/riverside.com.tr\/ar\/wp-json\/wp\/v2\/pages\/361","targetHints":{"allow":["GET"]}}],"collection":[{"href":"https:\/\/riverside.com.tr\/ar\/wp-json\/wp\/v2\/pages"}],"about":[{"href":"https:\/\/riverside.com.tr\/ar\/wp-json\/wp\/v2\/types\/page"}],"author":[{"embeddable":true,"href":"https:\/\/riverside.com.tr\/ar\/wp-json\/wp\/v2\/users\/1"}],"replies":[{"embeddable":true,"href":"https:\/\/riverside.com.tr\/ar\/wp-json\/wp\/v2\/comments?post=361"}],"version-history":[{"count":0,"href":"https:\/\/riverside.com.tr\/ar\/wp-json\/wp\/v2\/pages\/361\/revisions"}],"wp:attachment":[{"href":"https:\/\/riverside.com.tr\/ar\/wp-json\/wp\/v2\/media?parent=361"}],"curies":[{"name":"wp","href":"https:\/\/api.w.org\/{rel}","templated":true}]}}