{"id":456,"date":"2018-04-19T14:12:12","date_gmt":"2018-04-19T14:12:12","guid":{"rendered":"http:\/\/demo.zantetheme.com\/?page_id=456"},"modified":"2021-07-07T12:58:43","modified_gmt":"2021-07-07T09:58:43","slug":"iletisim","status":"publish","type":"page","link":"https:\/\/riverside.com.tr\/ar\/iletisim\/","title":{"rendered":"\u0627\u062a\u0635\u0627\u0644"},"content":{"rendered":"<div class=\"wpb-content-wrapper\"><div data-vc-full-width=\"true\" data-vc-full-width-init=\"false\" data-vc-stretch-content=\"true\" class=\"vc_row wpb_row vc_row-fluid vc_custom_1531697180247 vc_row-no-padding\"><div class=\"wpb_column vc_column_container vc_col-sm-12\"><div class=\"vc_column-inner\"><div class=\"wpb_wrapper\">\n                \n        <style>\n        #map-canvas-iYfdx {\n            border: 1px solid #f2f2f2;\n            border-radius: 2px;\n            width: 100%;\n            height: 500px;\n        }\n\n        <\/style>\n\n        \n        <script>\n        jQuery(document).ready(function ($) {\n           jQuery(function($) {\n\n                function initialize() {\n                    var map;\n                    var panorama;\n                    var latitude = 41.086758;\n                    var longitude = 41.040546;\n                    var pin = 'https:\/\/riverside.com.tr\/wp-content\/uploads\/2018\/07\/pin-2.png';\n\n                    \/\/Map pin-window details\n                    var title = \"Vagona Riverside Bungalows\";\n                    var hotel_name = \"Vagona Riverside Bungalows\";\n                    var hotel_address = \"Behice K\u00f6y\u00fc, Taskurzeni Mevki, No: 120, \u00c7aml\u0131hem\u015fin Rize\/T\u00fcrkiye\";\n                    var hotel_desc = \"E\u015fsiz bir Tiny House deneyimi.\";\n\n                    var hotel_location = new google.maps.LatLng(latitude, longitude);\n                    var mapOptions = {\n                        center: hotel_location,\n                        zoom: 15,\n                        scrollwheel: false,\n                        streetViewControl: false\n                    };\n                    map = new google.maps.Map(document.getElementById('map-canvas-iYfdx'),\n                        mapOptions);\n                    var contentString =\n                        '<div id=\"infowindow_content\">' +\n                        '<p><strong>' + hotel_name + '<\/strong><br>' +\n                        hotel_address + '<br>' +\n                        hotel_desc + '<\/p>' +\n                        '<\/div>';\n\n                    var var_infowindow = new google.maps.InfoWindow({\n                        content: contentString\n                    });\n\n                    var marker = new google.maps.Marker({\n                        position: hotel_location,\n                        map: map,\n                        icon: pin,\n                        title: title,\n                        maxWidth: 100,\n                        optimized: false,\n                    });\n                    google.maps.event.addListener(marker, 'click', function () {\n                        var_infowindow.open(map, marker);\n                    });\n                    panorama = map.getStreetView();\n                    panorama.setPosition(hotel_location);\n                    panorama.setPov( \/** @type {google.maps.StreetViewPov} *\/ ({\n                        heading: 265,\n                        pitch: 0\n                    }));\n\n                    var openStreet = document.getElementById('openStreetView');\n                    if (openStreet) {\n                        document.getElementById(\"openStreetView\").onclick = function () {\n                            toggleStreetView()\n                        };\n                    }\n\n                    function toggleStreetView() {\n                        var toggle = panorama.getVisible();\n                        if (toggle == false) {\n                            panorama.setVisible(true);\n                        } else {\n                            panorama.setVisible(false);\n                        }\n                    }\n                }\n\n                \/\/Check if google map div exist\n                if ($(\"#map-canvas-iYfdx\").length){\n                    addEventListener(\"load\", initialize, false);\n                }\n\n                });\n                });\n\n                <\/script>\n\n                \n                <div class=\"google-map\">\n                                    <div class=\"toggle-streetview\" id=\"openStreetView\"><i class=\"fa fa-street-view\" aria-hidden=\"true\"><\/i><\/div>\n                                    <div id=\"map-canvas-iYfdx\"><\/div>\n                <\/div>\n\n\n        <\/div><\/div><\/div><\/div><div class=\"vc_row-full-width vc_clearfix\"><\/div><div class=\"vc_row wpb_row vc_row-fluid\"><div class=\"wpb_column vc_column_container vc_col-sm-12\"><div class=\"vc_column-inner\"><div class=\"wpb_wrapper\"><div class=\"vc_empty_space\"   style=\"height: 100px\"><span class=\"vc_empty_space_inner\"><\/span><\/div><\/div><\/div><\/div><\/div><div class=\"vc_row wpb_row vc_row-fluid\"><div class=\"wpb_column vc_column_container vc_col-sm-8\"><div class=\"vc_column-inner\"><div class=\"wpb_wrapper\">\t\t\t<div\r\n\t\t\t\tclass=\"main_title  text-left\">\r\n\t\t\t\t<h2 class=\"title\">\u0627\u062a\u0635\u0644 \u0628\u0646\u0627<\/h2>\r\n\t\t\t\t\t\t\t<\/div>\r\n\t\t\n<div class=\"wpcf7 no-js\" id=\"wpcf7-f1079-o1\" lang=\"en-US\" dir=\"ltr\" data-wpcf7-id=\"1079\">\n<div class=\"screen-reader-response\"><p role=\"status\" aria-live=\"polite\" aria-atomic=\"true\"><\/p> <ul><\/ul><\/div>\n<form action=\"\/ar\/wp-json\/wp\/v2\/pages\/456#wpcf7-f1079-o1\" method=\"post\" class=\"wpcf7-form init\" aria-label=\"Contact form\" novalidate=\"novalidate\" data-status=\"init\" data-trp-original-action=\"\/ar\/wp-json\/wp\/v2\/pages\/456#wpcf7-f1079-o1\">\n<div style=\"display: none;\">\n<input type=\"hidden\" name=\"_wpcf7\" value=\"1079\" \/>\n<input type=\"hidden\" name=\"_wpcf7_version\" value=\"6.0.6\" \/>\n<input type=\"hidden\" name=\"_wpcf7_locale\" value=\"en_US\" \/>\n<input type=\"hidden\" name=\"_wpcf7_unit_tag\" value=\"wpcf7-f1079-o1\" \/>\n<input type=\"hidden\" name=\"_wpcf7_container_post\" value=\"0\" \/>\n<input type=\"hidden\" name=\"_wpcf7_posted_data_hash\" value=\"\" \/>\n<input type=\"hidden\" name=\"_wpcf7_recaptcha_response\" value=\"\" \/>\n<\/div>\n<div class=\"contact-page-form\">\n<div class=\"wpcf7-response-output\" aria-hidden=\"true\"><\/div>\n\t<div class=\"row\">\n\t\t<div class=\"form-group col-md-6\">\n\t\t\t<p><span class=\"wpcf7-form-control-wrap\" data-name=\"your-name\"><input size=\"40\" maxlength=\"400\" class=\"wpcf7-form-control wpcf7-text wpcf7-validates-as-required form-control\" aria-required=\"true\" aria-invalid=\"false\" placeholder=\"\u0627\u0633\u0645 \u0627\u0644\u0644\u0642\u0628\" value=\"\" type=\"text\" name=\"your-name\" \/><\/span>\n\t\t\t<\/p>\n\t\t<\/div>\n\t\t<div class=\"form-group col-md-6\">\n\t\t\t<p>[text* your-phone class:form-control placeholder \"Telefon]\n\t\t\t<\/p>\n\t\t<\/div>\n\t\t<div class=\"form-group col-md-6\">\n\t\t\t<p><span class=\"wpcf7-form-control-wrap\" data-name=\"your-email\"><input size=\"40\" maxlength=\"400\" class=\"wpcf7-form-control wpcf7-email wpcf7-validates-as-required wpcf7-text wpcf7-validates-as-email form-control\" aria-required=\"true\" aria-invalid=\"false\" placeholder=\"\u0628\u0631\u064a\u062f \u0625\u0644\u0643\u062a\u0631\u0648\u0646\u064a\" value=\"\" type=\"email\" name=\"your-email\" \/><\/span>\n\t\t\t<\/p>\n\t\t<\/div>\n\t\t<div class=\"form-group col-md-6\">\n\t\t\t<p><span class=\"wpcf7-form-control-wrap\" data-name=\"your-subject\"><input size=\"40\" maxlength=\"400\" class=\"wpcf7-form-control wpcf7-text form-control\" aria-invalid=\"false\" placeholder=\"\u0639\u0646\u0648\u0627\u0646\" value=\"\" type=\"text\" name=\"your-subject\" \/><\/span>\n\t\t\t<\/p>\n\t\t<\/div>\n\t<\/div>\n\t<div class=\"form-group\">\n\t\t<p><span class=\"wpcf7-form-control-wrap\" data-name=\"your-message\"><textarea cols=\"40\" rows=\"10\" maxlength=\"2000\" class=\"wpcf7-form-control wpcf7-textarea wpcf7-validates-as-required form-control\" aria-required=\"true\" aria-invalid=\"false\" placeholder=\"\u0631\u0633\u0627\u0644\u062a\u0643\" name=\"your-message\"><\/textarea><\/span>\n\t\t<\/p>\n\t<\/div>\n\t<div class=\"form-group\">\n\t\t<p><span class=\"wpcf7-form-control-wrap\" data-name=\"terms\"><span class=\"wpcf7-form-control wpcf7-checkbox wpcf7-validates-as-required\"><span class=\"wpcf7-list-item first last\"><input type=\"checkbox\" name=\"terms[]\" value=\"Vagona Riverside Bungalows&#039;un benimle ileti\u015fime ge\u00e7mesini onayl\u0131yorum.\" \/><span class=\"wpcf7-list-item-label\">I consent to Vagona Riverside Bungalows to contact me.<\/span><\/span><\/span><\/span>\n\t\t<\/p>\n\t<\/div>\n\t<p><input class=\"wpcf7-form-control wpcf7-submit has-spinner button btn-lg mt10 mt30\" type=\"submit\" value=\"\u0623\u0631\u0633\u0644 \u0631\u0633\u0627\u0644\u0629\" \/>\n\t<\/p>\n<\/div>\n<input type=\"hidden\" name=\"trp-form-language\" value=\"ar\"\/><\/form>\n<\/div>\n<\/div><\/div><\/div><div class=\"wpb_column vc_column_container vc_col-sm-4\"><div class=\"vc_column-inner\"><div class=\"wpb_wrapper\"><div class=\"vc_row wpb_row vc_inner vc_row-fluid\"><div class=\"wpb_column vc_column_container vc_col-sm-12 vc_hidden-lg vc_hidden-md\"><div class=\"vc_column-inner\"><div class=\"wpb_wrapper\"><div class=\"vc_empty_space\"   style=\"height: 50px\"><span class=\"vc_empty_space_inner\"><\/span><\/div><\/div><\/div><\/div><\/div>\t\t\t<div\r\n\t\t\t\tclass=\"main_title  text-left\">\r\n\t\t\t\t<h2 class=\"title\">\u0645\u0639\u0644\u0648\u0645\u0627\u062a\u0646\u0627<\/h2>\r\n\t\t\t\t\t\t\t<\/div>\r\n\t\t\n\t<div class=\"wpb_text_column wpb_content_element contact-info\" >\n\t\t<div class=\"wpb_wrapper\">\n\t\t\t<p><strong>\u0639\u0646\u0648\u0627\u0646:<\/strong><\/p>\n<p>\u0642\u0631\u064a\u0629 \u0628\u0647\u064a\u0633 \u060c \u062a\u0627\u0633\u0643\u0648\u0631\u0632\u064a\u0646\u064a \u0645\u064a\u0641\u0643\u064a \u060c \u0631\u0642\u0645: 120 \u060c \u062c\u0627\u0645\u0644\u064a\u0647\u0645\u0634\u064a\u0646 \u0631\u064a\u0632\u0647 \/ \u062a\u0631\u0643\u064a\u0627<\/p>\n<p><strong>\u0628\u0631\u064a\u062f \u0625\u0644\u0643\u062a\u0631\u0648\u0646\u064a:<\/strong><\/p>\n<p>info@VagonaTinyHouse.com<\/p>\n<p><strong>\u0627\u0644\u0648\u064a\u0628:<\/strong><\/p>\n<p>www.VagonaTinyHouse.com<\/p>\n<p><strong>\u0647\u0627\u062a\u0641:<\/strong><\/p>\n<p><a href=\"https:\/\/git.vagonatinyhouse.com\/telefon\">+90 (533) 196 21 53<\/a><\/p>\n\n\t\t<\/div>\n\t<\/div>\n    <div class=\"social_media\">\r\n              <a class=\"facebook\" href=\"https:\/\/git.vagonatinyhouse.com\/facebook\"><i class=\"fa fa-facebook\"><\/i><\/a>\r\n                          <a class=\"pinterest\" href=\"https:\/\/git.vagonatinyhouse.com\/pinterest\"><i class=\"fa fa-pinterest\"><\/i><\/a>\r\n                          <a class=\"youtube\" href=\"https:\/\/git.vagonatinyhouse.com\/youtube\"><i class=\"fa fa-youtube\"><\/i><\/a>\r\n                    <a class=\"instagram\" href=\"https:\/\/git.vagonatinyhouse.com\/instagram\"><i class=\"fa fa-instagram\"><\/i><\/a>\r\n          <\/div>\r\n\r\n\t\t<\/div><\/div><\/div><\/div><div class=\"vc_row wpb_row vc_row-fluid\"><div class=\"wpb_column vc_column_container vc_col-sm-12\"><div class=\"vc_column-inner\"><div class=\"wpb_wrapper\"><div class=\"vc_empty_space\"   style=\"height: 100px\"><span class=\"vc_empty_space_inner\"><\/span><\/div><\/div><\/div><\/div><\/div>\n<\/div>","protected":false},"excerpt":{"rendered":"B\u0130ZE ULA\u015eIN [text* your-phone class:form-control placeholder \"Telefon] Vagona Riverside Bungalows&#039;un benimle ileti\u015fime ge\u00e7mesini onayl\u0131yorum. B\u0130LG\u0130LER\u0130M\u0130Z ADDRESS: Behice K\u00f6y\u00fc, Taskurzeni Mevki, No: 120, \u00c7aml\u0131hem\u015fin Rize\/T\u00fcrkiye E-POSTA: info@VagonaTinyHouse.com WEB: www.VagonaTinyHouse.com TELEFON: +90 (533) 196 21 53","protected":false},"author":1,"featured_media":0,"parent":0,"menu_order":0,"comment_status":"closed","ping_status":"closed","template":"","meta":{"footnotes":""},"class_list":["post-456","page","type-page","status-publish","hentry"],"yoast_head":"<!-- This site is optimized with the Yoast SEO Premium plugin v20.8 (Yoast SEO v25.1) - https:\/\/yoast.com\/wordpress\/plugins\/seo\/ -->\n<title>\u0130leti\u015fim - Vagona Riverside Bungalows<\/title>\n<meta name=\"robots\" content=\"noindex, follow, max-snippet:-1, max-image-preview:large, max-video-preview:-1\" \/>\n<meta property=\"og:locale\" content=\"ar_AR\" \/>\n<meta property=\"og:type\" content=\"article\" \/>\n<meta property=\"og:title\" content=\"\u0130leti\u015fim - Vagona Riverside Bungalows\" \/>\n<meta property=\"og:url\" content=\"https:\/\/riverside.com.tr\/ar\/iletisim\/\" \/>\n<meta property=\"og:site_name\" content=\"Vagona Riverside Bungalows\" \/>\n<meta property=\"article:publisher\" content=\"https:\/\/git.vagonatinyhouse.com\/facebook\" \/>\n<meta property=\"article:modified_time\" content=\"2021-07-07T09:58:43+00:00\" \/>\n<meta name=\"twitter:card\" content=\"summary_large_image\" \/>\n<meta name=\"twitter:label1\" content=\"\u0648\u0642\u062a \u0627\u0644\u0642\u0631\u0627\u0621\u0629 \u0627\u0644\u0645\u064f\u0642\u062f\u0651\u0631\" \/>\n\t<meta name=\"twitter:data1\" content=\"\u062f\u0642\u064a\u0642\u0629 \u0648\u0627\u062d\u062f\u0629\" \/>\n<script type=\"application\/ld+json\" class=\"yoast-schema-graph\">{\"@context\":\"https:\/\/schema.org\",\"@graph\":[{\"@type\":\"WebPage\",\"@id\":\"https:\/\/riverside.com.tr\/tr\/iletisim\/\",\"url\":\"https:\/\/riverside.com.tr\/tr\/iletisim\/\",\"name\":\"\u0130leti\u015fim - Vagona Riverside Bungalows\",\"isPartOf\":{\"@id\":\"https:\/\/riverside.com.tr\/ar\/#website\"},\"datePublished\":\"2018-04-19T14:12:12+00:00\",\"dateModified\":\"2021-07-07T09:58:43+00:00\",\"inLanguage\":\"ar\",\"potentialAction\":[{\"@type\":\"ReadAction\",\"target\":[\"https:\/\/riverside.com.tr\/tr\/iletisim\/\"]}]},{\"@type\":\"WebSite\",\"@id\":\"https:\/\/riverside.com.tr\/ar\/#website\",\"url\":\"https:\/\/riverside.com.tr\/ar\/\",\"name\":\"Vagona Riverside Bungalows\",\"description\":\"Karadenizin dillere destan \u00c7aml\u0131hem\u015fin bolgesi giri\u015finde, f\u0131rt\u0131na deresi \u00fczerinde al\u0131\u015fm\u0131\u015f oldu\u011funuz kal\u0131plardan uzakta do\u011fa dahil konseptimiz ile Karadenizin ilk TinyHouse tatil k\u00f6y\u00fc ile size muhte\u015fem bir deneyim ya\u015fatmak i\u00e7in buraday\u0131z.\",\"publisher\":{\"@id\":\"https:\/\/riverside.com.tr\/ar\/#organization\"},\"potentialAction\":[{\"@type\":\"SearchAction\",\"target\":{\"@type\":\"EntryPoint\",\"urlTemplate\":\"https:\/\/riverside.com.tr\/ar\/?s={search_term_string}\"},\"query-input\":{\"@type\":\"PropertyValueSpecification\",\"valueRequired\":true,\"valueName\":\"search_term_string\"}}],\"inLanguage\":\"ar\"},{\"@type\":\"Organization\",\"@id\":\"https:\/\/riverside.com.tr\/ar\/#organization\",\"name\":\"Vagona Riverside Bungalows\",\"url\":\"https:\/\/riverside.com.tr\/ar\/\",\"logo\":{\"@type\":\"ImageObject\",\"inLanguage\":\"ar\",\"@id\":\"https:\/\/riverside.com.tr\/ar\/#\/schema\/logo\/image\/\",\"url\":\"https:\/\/riverside.com.tr\/wp-content\/uploads\/2021\/07\/cropped-android-chrome-512x512-1.png\",\"contentUrl\":\"https:\/\/riverside.com.tr\/wp-content\/uploads\/2021\/07\/cropped-android-chrome-512x512-1.png\",\"width\":512,\"height\":512,\"caption\":\"Vagona Riverside Bungalows\"},\"image\":{\"@id\":\"https:\/\/riverside.com.tr\/ar\/#\/schema\/logo\/image\/\"},\"sameAs\":[\"https:\/\/git.vagonatinyhouse.com\/facebook\",\"https:\/\/git.vagonatinyhouse.com\/instagram\",\"https:\/\/git.vagonatinyhouse.com\/pinterest\",\"https:\/\/git.vagonatinyhouse.com\/youtube\"]}]}<\/script>\n<!-- \/ Yoast SEO Premium plugin. -->","yoast_head_json":{"title":"\u0130leti\u015fim - Vagona Riverside Bungalows","robots":{"index":"noindex","follow":"follow","max-snippet":"max-snippet:-1","max-image-preview":"max-image-preview:large","max-video-preview":"max-video-preview:-1"},"og_locale":"ar_AR","og_type":"article","og_title":"\u0130leti\u015fim - Vagona Riverside Bungalows","og_url":"https:\/\/riverside.com.tr\/ar\/iletisim\/","og_site_name":"Vagona Riverside Bungalows","article_publisher":"https:\/\/git.vagonatinyhouse.com\/facebook","article_modified_time":"2021-07-07T09:58:43+00:00","twitter_card":"summary_large_image","twitter_misc":{"\u0648\u0642\u062a \u0627\u0644\u0642\u0631\u0627\u0621\u0629 \u0627\u0644\u0645\u064f\u0642\u062f\u0651\u0631":"\u062f\u0642\u064a\u0642\u0629 \u0648\u0627\u062d\u062f\u0629"},"schema":{"@context":"https:\/\/schema.org","@graph":[{"@type":"WebPage","@id":"https:\/\/riverside.com.tr\/tr\/iletisim\/","url":"https:\/\/riverside.com.tr\/tr\/iletisim\/","name":"\u0130leti\u015fim - Vagona Riverside Bungalows","isPartOf":{"@id":"https:\/\/riverside.com.tr\/ar\/#website"},"datePublished":"2018-04-19T14:12:12+00:00","dateModified":"2021-07-07T09:58:43+00:00","inLanguage":"ar","potentialAction":[{"@type":"ReadAction","target":["https:\/\/riverside.com.tr\/tr\/iletisim\/"]}]},{"@type":"WebSite","@id":"https:\/\/riverside.com.tr\/ar\/#website","url":"https:\/\/riverside.com.tr\/ar\/","name":"Vagona Riverside Bungalows","description":"Karadenizin dillere destan \u00c7aml\u0131hem\u015fin bolgesi giri\u015finde, f\u0131rt\u0131na deresi \u00fczerinde al\u0131\u015fm\u0131\u015f oldu\u011funuz kal\u0131plardan uzakta do\u011fa dahil konseptimiz ile Karadenizin ilk TinyHouse tatil k\u00f6y\u00fc ile size muhte\u015fem bir deneyim ya\u015fatmak i\u00e7in buraday\u0131z.","publisher":{"@id":"https:\/\/riverside.com.tr\/ar\/#organization"},"potentialAction":[{"@type":"SearchAction","target":{"@type":"EntryPoint","urlTemplate":"https:\/\/riverside.com.tr\/ar\/?s={search_term_string}"},"query-input":{"@type":"PropertyValueSpecification","valueRequired":true,"valueName":"search_term_string"}}],"inLanguage":"ar"},{"@type":"Organization","@id":"https:\/\/riverside.com.tr\/ar\/#organization","name":"Vagona Riverside Bungalows","url":"https:\/\/riverside.com.tr\/ar\/","logo":{"@type":"ImageObject","inLanguage":"ar","@id":"https:\/\/riverside.com.tr\/ar\/#\/schema\/logo\/image\/","url":"https:\/\/riverside.com.tr\/wp-content\/uploads\/2021\/07\/cropped-android-chrome-512x512-1.png","contentUrl":"https:\/\/riverside.com.tr\/wp-content\/uploads\/2021\/07\/cropped-android-chrome-512x512-1.png","width":512,"height":512,"caption":"Vagona Riverside Bungalows"},"image":{"@id":"https:\/\/riverside.com.tr\/ar\/#\/schema\/logo\/image\/"},"sameAs":["https:\/\/git.vagonatinyhouse.com\/facebook","https:\/\/git.vagonatinyhouse.com\/instagram","https:\/\/git.vagonatinyhouse.com\/pinterest","https:\/\/git.vagonatinyhouse.com\/youtube"]}]}},"_links":{"self":[{"href":"https:\/\/riverside.com.tr\/ar\/wp-json\/wp\/v2\/pages\/456","targetHints":{"allow":["GET"]}}],"collection":[{"href":"https:\/\/riverside.com.tr\/ar\/wp-json\/wp\/v2\/pages"}],"about":[{"href":"https:\/\/riverside.com.tr\/ar\/wp-json\/wp\/v2\/types\/page"}],"author":[{"embeddable":true,"href":"https:\/\/riverside.com.tr\/ar\/wp-json\/wp\/v2\/users\/1"}],"replies":[{"embeddable":true,"href":"https:\/\/riverside.com.tr\/ar\/wp-json\/wp\/v2\/comments?post=456"}],"version-history":[{"count":2,"href":"https:\/\/riverside.com.tr\/ar\/wp-json\/wp\/v2\/pages\/456\/revisions"}],"predecessor-version":[{"id":2333,"href":"https:\/\/riverside.com.tr\/ar\/wp-json\/wp\/v2\/pages\/456\/revisions\/2333"}],"wp:attachment":[{"href":"https:\/\/riverside.com.tr\/ar\/wp-json\/wp\/v2\/media?parent=456"}],"curies":[{"name":"wp","href":"https:\/\/api.w.org\/{rel}","templated":true}]}}