{"id":2409,"date":"2021-07-23T19:21:41","date_gmt":"2021-07-23T16:21:41","guid":{"rendered":"https:\/\/riverside.com.tr\/?page_id=2409"},"modified":"2021-07-23T19:21:43","modified_gmt":"2021-07-23T16:21:43","slug":"rezervasyon-formu-turkce","status":"publish","type":"page","link":"https:\/\/riverside.com.tr\/en\/rezervasyon-formu-turkce\/","title":{"rendered":"Reservation Form (Turkish)"},"content":{"rendered":"<iframe loading=\"lazy\" src=\"https:\/\/docs.google.com\/forms\/d\/e\/1FAIpQLSc624HnaUjsbn1PVoqo7LA9R1O6CK7q1YWuc9d25gSswTdTqA\/viewform?embedded=true\" width=\"640\" height=\"4296\" frameborder=\"0\" marginheight=\"0\" marginwidth=\"0\">Loading\u2026<\/iframe>\n\n\n\n<p><\/p>","protected":false},"excerpt":{"rendered":"<p>Loading\u2026<\/p>","protected":false},"author":1,"featured_media":0,"parent":0,"menu_order":0,"comment_status":"closed","ping_status":"closed","template":"","meta":{"footnotes":""},"class_list":["post-2409","page","type-page","status-publish","hentry"],"yoast_head":"<!-- This site is optimized with the Yoast SEO Premium plugin v20.8 (Yoast SEO v25.1) - https:\/\/yoast.com\/wordpress\/plugins\/seo\/ -->\n<title>Rezervasyon Formu (T\u00fcrk\u00e7e) - Vagona Riverside Bungalows<\/title>\n<meta name=\"robots\" content=\"noindex, follow, max-snippet:-1, max-image-preview:large, max-video-preview:-1\" \/>\n<meta property=\"og:locale\" content=\"en_US\" \/>\n<meta property=\"og:type\" content=\"article\" \/>\n<meta property=\"og:title\" content=\"Rezervasyon Formu (T\u00fcrk\u00e7e) - Vagona Riverside Bungalows\" \/>\n<meta property=\"og:description\" content=\"Y\u00fckleniyor\u2026\" \/>\n<meta property=\"og:url\" content=\"https:\/\/riverside.com.tr\/en\/rezervasyon-formu-turkce\/\" \/>\n<meta property=\"og:site_name\" content=\"Vagona Riverside Bungalows\" \/>\n<meta property=\"article:publisher\" content=\"https:\/\/git.vagonatinyhouse.com\/facebook\" \/>\n<meta property=\"article:modified_time\" content=\"2021-07-23T16:21:43+00:00\" \/>\n<meta name=\"twitter:card\" content=\"summary_large_image\" \/>\n<meta name=\"twitter:label1\" content=\"Est. reading time\" \/>\n\t<meta name=\"twitter:data1\" content=\"1 minute\" \/>\n<script type=\"application\/ld+json\" class=\"yoast-schema-graph\">{\"@context\":\"https:\/\/schema.org\",\"@graph\":[{\"@type\":\"WebPage\",\"@id\":\"https:\/\/riverside.com.tr\/de\/rezervasyon-formu-turkce\/\",\"url\":\"https:\/\/riverside.com.tr\/de\/rezervasyon-formu-turkce\/\",\"name\":\"Rezervasyon Formu (T\u00fcrk\u00e7e) - Vagona Riverside Bungalows\",\"isPartOf\":{\"@id\":\"https:\/\/riverside.com.tr\/ar\/#website\"},\"datePublished\":\"2021-07-23T16:21:41+00:00\",\"dateModified\":\"2021-07-23T16:21:43+00:00\",\"inLanguage\":\"en-US\",\"potentialAction\":[{\"@type\":\"ReadAction\",\"target\":[\"https:\/\/riverside.com.tr\/de\/rezervasyon-formu-turkce\/\"]}]},{\"@type\":\"WebSite\",\"@id\":\"https:\/\/riverside.com.tr\/ar\/#website\",\"url\":\"https:\/\/riverside.com.tr\/ar\/\",\"name\":\"Vagona Riverside Bungalows\",\"description\":\"Karadenizin dillere destan \u00c7aml\u0131hem\u015fin bolgesi giri\u015finde, f\u0131rt\u0131na deresi \u00fczerinde al\u0131\u015fm\u0131\u015f oldu\u011funuz kal\u0131plardan uzakta do\u011fa dahil konseptimiz ile Karadenizin ilk TinyHouse tatil k\u00f6y\u00fc ile size muhte\u015fem bir deneyim ya\u015fatmak i\u00e7in buraday\u0131z.\",\"publisher\":{\"@id\":\"https:\/\/riverside.com.tr\/ar\/#organization\"},\"potentialAction\":[{\"@type\":\"SearchAction\",\"target\":{\"@type\":\"EntryPoint\",\"urlTemplate\":\"https:\/\/riverside.com.tr\/ar\/?s={search_term_string}\"},\"query-input\":{\"@type\":\"PropertyValueSpecification\",\"valueRequired\":true,\"valueName\":\"search_term_string\"}}],\"inLanguage\":\"en-US\"},{\"@type\":\"Organization\",\"@id\":\"https:\/\/riverside.com.tr\/ar\/#organization\",\"name\":\"Vagona Riverside Bungalows\",\"url\":\"https:\/\/riverside.com.tr\/ar\/\",\"logo\":{\"@type\":\"ImageObject\",\"inLanguage\":\"en-US\",\"@id\":\"https:\/\/riverside.com.tr\/ar\/#\/schema\/logo\/image\/\",\"url\":\"https:\/\/riverside.com.tr\/wp-content\/uploads\/2021\/07\/cropped-android-chrome-512x512-1.png\",\"contentUrl\":\"https:\/\/riverside.com.tr\/wp-content\/uploads\/2021\/07\/cropped-android-chrome-512x512-1.png\",\"width\":512,\"height\":512,\"caption\":\"Vagona Riverside Bungalows\"},\"image\":{\"@id\":\"https:\/\/riverside.com.tr\/ar\/#\/schema\/logo\/image\/\"},\"sameAs\":[\"https:\/\/git.vagonatinyhouse.com\/facebook\",\"https:\/\/git.vagonatinyhouse.com\/instagram\",\"https:\/\/git.vagonatinyhouse.com\/pinterest\",\"https:\/\/git.vagonatinyhouse.com\/youtube\"]}]}<\/script>\n<!-- \/ Yoast SEO Premium plugin. -->","yoast_head_json":{"title":"Rezervasyon Formu (T\u00fcrk\u00e7e) - Vagona Riverside Bungalows","robots":{"index":"noindex","follow":"follow","max-snippet":"max-snippet:-1","max-image-preview":"max-image-preview:large","max-video-preview":"max-video-preview:-1"},"og_locale":"en_US","og_type":"article","og_title":"Rezervasyon Formu (T\u00fcrk\u00e7e) - Vagona Riverside Bungalows","og_description":"Y\u00fckleniyor\u2026","og_url":"https:\/\/riverside.com.tr\/en\/rezervasyon-formu-turkce\/","og_site_name":"Vagona Riverside Bungalows","article_publisher":"https:\/\/git.vagonatinyhouse.com\/facebook","article_modified_time":"2021-07-23T16:21:43+00:00","twitter_card":"summary_large_image","twitter_misc":{"Est. reading time":"1 minute"},"schema":{"@context":"https:\/\/schema.org","@graph":[{"@type":"WebPage","@id":"https:\/\/riverside.com.tr\/de\/rezervasyon-formu-turkce\/","url":"https:\/\/riverside.com.tr\/de\/rezervasyon-formu-turkce\/","name":"Rezervasyon Formu (T\u00fcrk\u00e7e) - Vagona Riverside Bungalows","isPartOf":{"@id":"https:\/\/riverside.com.tr\/ar\/#website"},"datePublished":"2021-07-23T16:21:41+00:00","dateModified":"2021-07-23T16:21:43+00:00","inLanguage":"en-US","potentialAction":[{"@type":"ReadAction","target":["https:\/\/riverside.com.tr\/de\/rezervasyon-formu-turkce\/"]}]},{"@type":"WebSite","@id":"https:\/\/riverside.com.tr\/ar\/#website","url":"https:\/\/riverside.com.tr\/ar\/","name":"Vagona Riverside Bungalows","description":"Karadenizin dillere destan \u00c7aml\u0131hem\u015fin bolgesi giri\u015finde, f\u0131rt\u0131na deresi \u00fczerinde al\u0131\u015fm\u0131\u015f oldu\u011funuz kal\u0131plardan uzakta do\u011fa dahil konseptimiz ile Karadenizin ilk TinyHouse tatil k\u00f6y\u00fc ile size muhte\u015fem bir deneyim ya\u015fatmak i\u00e7in buraday\u0131z.","publisher":{"@id":"https:\/\/riverside.com.tr\/ar\/#organization"},"potentialAction":[{"@type":"SearchAction","target":{"@type":"EntryPoint","urlTemplate":"https:\/\/riverside.com.tr\/ar\/?s={search_term_string}"},"query-input":{"@type":"PropertyValueSpecification","valueRequired":true,"valueName":"search_term_string"}}],"inLanguage":"en-US"},{"@type":"Organization","@id":"https:\/\/riverside.com.tr\/ar\/#organization","name":"Vagona Riverside Bungalows","url":"https:\/\/riverside.com.tr\/ar\/","logo":{"@type":"ImageObject","inLanguage":"en-US","@id":"https:\/\/riverside.com.tr\/ar\/#\/schema\/logo\/image\/","url":"https:\/\/riverside.com.tr\/wp-content\/uploads\/2021\/07\/cropped-android-chrome-512x512-1.png","contentUrl":"https:\/\/riverside.com.tr\/wp-content\/uploads\/2021\/07\/cropped-android-chrome-512x512-1.png","width":512,"height":512,"caption":"Vagona Riverside Bungalows"},"image":{"@id":"https:\/\/riverside.com.tr\/ar\/#\/schema\/logo\/image\/"},"sameAs":["https:\/\/git.vagonatinyhouse.com\/facebook","https:\/\/git.vagonatinyhouse.com\/instagram","https:\/\/git.vagonatinyhouse.com\/pinterest","https:\/\/git.vagonatinyhouse.com\/youtube"]}]}},"_links":{"self":[{"href":"https:\/\/riverside.com.tr\/en\/wp-json\/wp\/v2\/pages\/2409","targetHints":{"allow":["GET"]}}],"collection":[{"href":"https:\/\/riverside.com.tr\/en\/wp-json\/wp\/v2\/pages"}],"about":[{"href":"https:\/\/riverside.com.tr\/en\/wp-json\/wp\/v2\/types\/page"}],"author":[{"embeddable":true,"href":"https:\/\/riverside.com.tr\/en\/wp-json\/wp\/v2\/users\/1"}],"replies":[{"embeddable":true,"href":"https:\/\/riverside.com.tr\/en\/wp-json\/wp\/v2\/comments?post=2409"}],"version-history":[{"count":1,"href":"https:\/\/riverside.com.tr\/en\/wp-json\/wp\/v2\/pages\/2409\/revisions"}],"predecessor-version":[{"id":2410,"href":"https:\/\/riverside.com.tr\/en\/wp-json\/wp\/v2\/pages\/2409\/revisions\/2410"}],"wp:attachment":[{"href":"https:\/\/riverside.com.tr\/en\/wp-json\/wp\/v2\/media?parent=2409"}],"curies":[{"name":"wp","href":"https:\/\/api.w.org\/{rel}","templated":true}]}}